{"id":18,"date":"2021-05-17T14:14:31","date_gmt":"2021-05-17T14:14:31","guid":{"rendered":"https:\/\/trinkwasser.dr-rohr.de\/?page_id=18"},"modified":"2024-07-09T06:42:45","modified_gmt":"2024-07-09T06:42:45","slug":"referenzen","status":"publish","type":"page","link":"https:\/\/trinkwasser.dr-rohr.de\/it\/referenzen\/","title":{"rendered":"Riferimenti"},"content":{"rendered":"<div data-elementor-type=\"wp-page\" data-elementor-id=\"18\" class=\"elementor elementor-18\" data-elementor-post-type=\"page\">\n\t\t\t\t\t\t<section class=\"elementor-section elementor-top-section elementor-element elementor-element-68df69e elementor-section-height-min-height elementor-section-stretched elementor-section-boxed elementor-section-height-default elementor-section-items-middle\" data-id=\"68df69e\" data-element_type=\"section\" data-settings=\"{&quot;background_background&quot;:&quot;classic&quot;,&quot;stretch_section&quot;:&quot;section-stretched&quot;}\">\n\t\t\t\t\t\t\t<div class=\"elementor-background-overlay\"><\/div>\n\t\t\t\t\t\t\t<div class=\"elementor-container elementor-column-gap-default\">\n\t\t\t\t\t<div class=\"elementor-column elementor-col-100 elementor-top-column elementor-element elementor-element-b8b4b52\" data-id=\"b8b4b52\" data-element_type=\"column\">\n\t\t\t<div class=\"elementor-widget-wrap elementor-element-populated\">\n\t\t\t\t\t\t<section class=\"elementor-section elementor-inner-section elementor-element elementor-element-2566035c elementor-section-boxed elementor-section-height-default elementor-section-height-default\" data-id=\"2566035c\" data-element_type=\"section\">\n\t\t\t\t\t\t<div class=\"elementor-container elementor-column-gap-default\">\n\t\t\t\t\t<div class=\"elementor-column elementor-col-100 elementor-inner-column elementor-element elementor-element-600a295c\" data-id=\"600a295c\" data-element_type=\"column\">\n\t\t\t<div class=\"elementor-widget-wrap elementor-element-populated\">\n\t\t\t\t\t\t<div class=\"elementor-element elementor-element-276e9670 animated-slow elementor-invisible elementor-widget elementor-widget-heading\" data-id=\"276e9670\" data-element_type=\"widget\" data-settings=\"{&quot;_animation&quot;:&quot;fadeIn&quot;}\" data-widget_type=\"heading.default\">\n\t\t\t\t<div class=\"elementor-widget-container\">\n\t\t\t<h2 class=\"elementor-heading-title elementor-size-default\">Benvenuto al dottor Rohr<\/h2>\t\t<\/div>\n\t\t\t\t<\/div>\n\t\t\t\t<div class=\"elementor-element elementor-element-30d79d14 elementor-invisible elementor-widget elementor-widget-heading\" data-id=\"30d79d14\" data-element_type=\"widget\" data-settings=\"{&quot;_animation&quot;:&quot;fadeInUp&quot;,&quot;_animation_delay&quot;:300}\" data-widget_type=\"heading.default\">\n\t\t\t\t<div class=\"elementor-widget-container\">\n\t\t\t<h1 class=\"elementor-heading-title elementor-size-default\">State gi\u00e0 bevendo in modo inossidabile?<\/h1>\t\t<\/div>\n\t\t\t\t<\/div>\n\t\t\t\t\t<\/div>\n\t\t<\/div>\n\t\t\t\t\t<\/div>\n\t\t<\/section>\n\t\t\t\t\t<\/div>\n\t\t<\/div>\n\t\t\t\t\t<\/div>\n\t\t<\/section>\n\t\t\t\t<section class=\"elementor-section elementor-top-section elementor-element elementor-element-823b03d elementor-section-items-stretch elementor-section-height-min-height elementor-section-content-middle elementor-reverse-mobile elementor-section-stretched elementor-section-boxed elementor-section-height-default\" data-id=\"823b03d\" data-element_type=\"section\" data-settings=\"{&quot;background_background&quot;:&quot;classic&quot;,&quot;stretch_section&quot;:&quot;section-stretched&quot;}\">\n\t\t\t\t\t\t\t<div class=\"elementor-background-overlay\"><\/div>\n\t\t\t\t\t\t\t<div class=\"elementor-container elementor-column-gap-default\">\n\t\t\t\t\t<div class=\"elementor-column elementor-col-50 elementor-top-column elementor-element elementor-element-287f8dca\" data-id=\"287f8dca\" data-element_type=\"column\" data-settings=\"{&quot;background_background&quot;:&quot;classic&quot;}\">\n\t\t\t<div class=\"elementor-widget-wrap elementor-element-populated\">\n\t\t\t\t\t\t<div class=\"elementor-element elementor-element-43507870 elementor-widget elementor-widget-heading\" data-id=\"43507870\" data-element_type=\"widget\" data-widget_type=\"heading.default\">\n\t\t\t\t<div class=\"elementor-widget-container\">\n\t\t\t<h5 class=\"elementor-heading-title elementor-size-default\">Riferimenti<\/h5>\t\t<\/div>\n\t\t\t\t<\/div>\n\t\t\t\t<div class=\"elementor-element elementor-element-1ca48fc elementor-widget elementor-widget-text-editor\" data-id=\"1ca48fc\" data-element_type=\"widget\" data-widget_type=\"text-editor.default\">\n\t\t\t\t<div class=\"elementor-widget-container\">\n\t\t\t\t\t\t\t<p>Volete saperne di pi\u00f9 sul lavoro che abbiamo svolto? Nessun problema, inviateci una richiesta di referenze.\u00a0<\/p>\t\t\t\t\t\t<\/div>\n\t\t\t\t<\/div>\n\t\t\t\t<div class=\"elementor-element elementor-element-1df4b19c elementor-button-align-stretch elementor-widget elementor-widget-form\" data-id=\"1df4b19c\" data-element_type=\"widget\" data-settings=\"{&quot;step_next_label&quot;:&quot;Next&quot;,&quot;step_previous_label&quot;:&quot;Previous&quot;,&quot;button_width&quot;:&quot;100&quot;,&quot;step_type&quot;:&quot;number_text&quot;,&quot;step_icon_shape&quot;:&quot;circle&quot;}\" data-widget_type=\"form.default\">\n\t\t\t\t<div class=\"elementor-widget-container\">\n\t\t\t\t\t<form class=\"elementor-form\" method=\"post\" name=\"New Form\" action=\"\">\n\t\t\t<input type=\"hidden\" name=\"post_id\" value=\"18\"\/>\n\t\t\t<input type=\"hidden\" name=\"form_id\" value=\"1df4b19c\"\/>\n\t\t\t<input type=\"hidden\" name=\"referer_title\" value=\"Trinken Sie schon rostfrei?\" \/>\n\n\t\t\t\n\t\t\t<div class=\"elementor-form-fields-wrapper elementor-labels-\">\n\t\t\t\t\t\t\t\t<div class=\"elementor-field-type-text elementor-field-group elementor-column elementor-field-group-name elementor-col-50 elementor-field-required\">\n\t\t\t\t\t\t\t\t\t\t\t\t<label for=\"form-field-name\" class=\"elementor-field-label elementor-screen-only\">\n\t\t\t\t\t\t\t\tNome\t\t\t\t\t\t\t<\/label>\n\t\t\t\t\t\t\t\t\t\t\t\t\t\t<input size=\"1\" type=\"text\" name=\"form_fields[name]\" id=\"form-field-name\" class=\"elementor-field elementor-size-md  elementor-field-textual\" placeholder=\"Nome\" required=\"required\" aria-required=\"true\">\n\t\t\t\t\t\t\t\t\t\t\t<\/div>\n\t\t\t\t\t\t\t\t<div class=\"elementor-field-type-text elementor-field-group elementor-column elementor-field-group-be51549 elementor-col-50 elementor-field-required\">\n\t\t\t\t\t\t\t\t\t\t\t\t<label for=\"form-field-be51549\" class=\"elementor-field-label elementor-screen-only\">\n\t\t\t\t\t\t\t\tCognome\t\t\t\t\t\t\t<\/label>\n\t\t\t\t\t\t\t\t\t\t\t\t\t\t<input size=\"1\" type=\"text\" name=\"form_fields[be51549]\" id=\"form-field-be51549\" class=\"elementor-field elementor-size-md  elementor-field-textual\" placeholder=\"Cognome\" required=\"required\" aria-required=\"true\">\n\t\t\t\t\t\t\t\t\t\t\t<\/div>\n\t\t\t\t\t\t\t\t<div class=\"elementor-field-type-tel elementor-field-group elementor-column elementor-field-group-field_5f45e62 elementor-col-50 elementor-field-required\">\n\t\t\t\t\t\t\t\t\t\t\t\t<label for=\"form-field-field_5f45e62\" class=\"elementor-field-label elementor-screen-only\">\n\t\t\t\t\t\t\t\tCognome\t\t\t\t\t\t\t<\/label>\n\t\t\t\t\t\t\t\t<input size=\"1\" type=\"tel\" name=\"form_fields[field_5f45e62]\" id=\"form-field-field_5f45e62\" class=\"elementor-field elementor-size-md  elementor-field-textual\" placeholder=\"Numero di telefono\" required=\"required\" aria-required=\"true\" pattern=\"[0-9()#&amp;+*-=.]+\" title=\"Sono accettati solo numeri e caratteri telefonici (#, -, *, ecc.).\">\n\n\t\t\t\t\t\t<\/div>\n\t\t\t\t\t\t\t\t<div class=\"elementor-field-type-email elementor-field-group elementor-column elementor-field-group-field_38e4916 elementor-col-50 elementor-field-required\">\n\t\t\t\t\t\t\t\t\t\t\t\t<label for=\"form-field-field_38e4916\" class=\"elementor-field-label elementor-screen-only\">\n\t\t\t\t\t\t\t\tE-mail\t\t\t\t\t\t\t<\/label>\n\t\t\t\t\t\t\t\t\t\t\t\t\t\t<input size=\"1\" type=\"email\" name=\"form_fields[field_38e4916]\" id=\"form-field-field_38e4916\" class=\"elementor-field elementor-size-md  elementor-field-textual\" placeholder=\"Indirizzo di posta elettronica\" required=\"required\" aria-required=\"true\">\n\t\t\t\t\t\t\t\t\t\t\t<\/div>\n\t\t\t\t\t\t\t\t<div class=\"elementor-field-type-recaptcha_v3 elementor-field-group elementor-column elementor-field-group-field_47bf95b elementor-col-100 recaptcha_v3-bottomleft\">\n\t\t\t\t\t<div class=\"elementor-field\" id=\"form-field-field_47bf95b\"><div class=\"elementor-g-recaptcha\" data-sitekey=\"6Le8w_gfAAAAAAK8AFQb9dVRLeUY3D4nmfyMGAUA\" data-type=\"v3\" data-action=\"Form\" data-badge=\"bottomleft\" data-size=\"invisible\"><\/div><\/div>\t\t\t\t<\/div>\n\t\t\t\t\t\t\t\t<div class=\"elementor-field-group elementor-column elementor-field-type-submit elementor-col-100 e-form__buttons\">\n\t\t\t\t\t<button type=\"submit\" class=\"elementor-button elementor-size-md\">\n\t\t\t\t\t\t<span >\n\t\t\t\t\t\t\t\t\t\t\t\t\t\t\t<span class=\"elementor-align-icon-right elementor-button-icon\">\n\t\t\t\t\t\t\t\t\t<i aria-hidden=\"true\" class=\"far fa-paper-plane\"><\/i>\t\t\t\t\t\t\t\t\t\t\t\t\t\t\t\t\t<\/span>\n\t\t\t\t\t\t\t\t\t\t\t\t\t\t\t\t\t\t\t\t\t\t<span class=\"elementor-button-text\">Richiesta elenco referenze<\/span>\n\t\t\t\t\t\t\t\t\t\t\t\t\t<\/span>\n\t\t\t\t\t<\/button>\n\t\t\t\t<\/div>\n\t\t\t<\/div>\n\t\t<input type=\"hidden\" name=\"trp-form-language\" value=\"it\"\/><\/form>\n\t\t\t\t<\/div>\n\t\t\t\t<\/div>\n\t\t\t\t<div class=\"elementor-element elementor-element-6c6e8da1 elementor-widget elementor-widget-spacer\" data-id=\"6c6e8da1\" data-element_type=\"widget\" data-widget_type=\"spacer.default\">\n\t\t\t\t<div class=\"elementor-widget-container\">\n\t\t\t\t\t<div class=\"elementor-spacer\">\n\t\t\t<div class=\"elementor-spacer-inner\"><\/div>\n\t\t<\/div>\n\t\t\t\t<\/div>\n\t\t\t\t<\/div>\n\t\t\t\t\t<\/div>\n\t\t<\/div>\n\t\t\t\t<div class=\"elementor-column elementor-col-50 elementor-top-column elementor-element elementor-element-2fdd830e\" data-id=\"2fdd830e\" data-element_type=\"column\" data-settings=\"{&quot;background_background&quot;:&quot;classic&quot;}\">\n\t\t\t<div class=\"elementor-widget-wrap elementor-element-populated\">\n\t\t\t\t\t<div class=\"elementor-background-overlay\"><\/div>\n\t\t\t\t\t\t<div class=\"elementor-element elementor-element-62c03616 elementor-widget elementor-widget-spacer\" data-id=\"62c03616\" data-element_type=\"widget\" data-widget_type=\"spacer.default\">\n\t\t\t\t<div class=\"elementor-widget-container\">\n\t\t\t\t\t<div class=\"elementor-spacer\">\n\t\t\t<div class=\"elementor-spacer-inner\"><\/div>\n\t\t<\/div>\n\t\t\t\t<\/div>\n\t\t\t\t<\/div>\n\t\t\t\t\t<\/div>\n\t\t<\/div>\n\t\t\t\t\t<\/div>\n\t\t<\/section>\n\t\t\t\t<\/div>","protected":false},"excerpt":{"rendered":"<p>Willkommen bei Dr. Rohr Trinken Sie schon Rostfrei? Referenzen M\u00f6chten Sie mehr \u00fcber unsere ausgef\u00fchrten Arbeiten erfahren? Kein Problem, senden Sie uns eine Referenzanfrage.\u00a0<\/p>","protected":false},"author":1,"featured_media":0,"parent":0,"menu_order":0,"comment_status":"closed","ping_status":"closed","template":"","meta":{"footnotes":""},"class_list":["post-18","page","type-page","status-publish","hentry","entry"],"yoast_head":"<!-- This site is optimized with the Yoast SEO plugin v22.5 - https:\/\/yoast.com\/wordpress\/plugins\/seo\/ -->\n<title>Unsere Referenzen | Dr. Rohr AG - Trinken Sie schon rostfrei?<\/title>\n<meta name=\"description\" content=\"M\u00f6chten Sie mehr \u00fcber unsere ausgef\u00fchrten Arbeiten erfahren? Kein Problem, senden Sie uns eine Referenzanfrage.\" \/>\n<meta name=\"robots\" content=\"index, follow, max-snippet:-1, max-image-preview:large, max-video-preview:-1\" \/>\n<link rel=\"canonical\" href=\"https:\/\/trinkwasser.dr-rohr.de\/it\/referenzen\/\" \/>\n<meta property=\"og:locale\" content=\"it_IT\" \/>\n<meta property=\"og:type\" content=\"article\" \/>\n<meta property=\"og:title\" content=\"Unsere Referenzen | Dr. Rohr AG - Trinken Sie schon rostfrei?\" \/>\n<meta property=\"og:description\" content=\"M\u00f6chten Sie mehr \u00fcber unsere ausgef\u00fchrten Arbeiten erfahren? Kein Problem, senden Sie uns eine Referenzanfrage.\" \/>\n<meta property=\"og:url\" content=\"https:\/\/trinkwasser.dr-rohr.de\/it\/referenzen\/\" \/>\n<meta property=\"og:site_name\" content=\"Trinken Sie schon rostfrei?\" \/>\n<meta property=\"article:modified_time\" content=\"2024-07-09T06:42:45+00:00\" \/>\n<meta name=\"twitter:card\" content=\"summary_large_image\" \/>\n<meta name=\"twitter:label1\" content=\"Tempo di lettura stimato\" \/>\n\t<meta name=\"twitter:data1\" content=\"1 minuto\" \/>\n<script type=\"application\/ld+json\" class=\"yoast-schema-graph\">{\"@context\":\"https:\/\/schema.org\",\"@graph\":[{\"@type\":\"WebPage\",\"@id\":\"https:\/\/trinkwasser.dr-rohr.de\/de\/referenzen\/\",\"url\":\"https:\/\/trinkwasser.dr-rohr.de\/de\/referenzen\/\",\"name\":\"Unsere Referenzen | Dr. Rohr AG - Trinken Sie schon rostfrei?\",\"isPartOf\":{\"@id\":\"https:\/\/trinkwasser.dr-rohr.de\/#website\"},\"datePublished\":\"2021-05-17T14:14:31+00:00\",\"dateModified\":\"2024-07-09T06:42:45+00:00\",\"description\":\"M\u00f6chten Sie mehr \u00fcber unsere ausgef\u00fchrten Arbeiten erfahren? Kein Problem, senden Sie uns eine Referenzanfrage.\",\"breadcrumb\":{\"@id\":\"https:\/\/trinkwasser.dr-rohr.de\/de\/referenzen\/#breadcrumb\"},\"inLanguage\":\"it-IT\",\"potentialAction\":[{\"@type\":\"ReadAction\",\"target\":[\"https:\/\/trinkwasser.dr-rohr.de\/de\/referenzen\/\"]}]},{\"@type\":\"BreadcrumbList\",\"@id\":\"https:\/\/trinkwasser.dr-rohr.de\/de\/referenzen\/#breadcrumb\",\"itemListElement\":[{\"@type\":\"ListItem\",\"position\":1,\"name\":\"Home\",\"item\":\"https:\/\/trinkwasser.dr-rohr.de\/de\/\"},{\"@type\":\"ListItem\",\"position\":2,\"name\":\"Referenzen\"}]},{\"@type\":\"WebSite\",\"@id\":\"https:\/\/trinkwasser.dr-rohr.de\/#website\",\"url\":\"https:\/\/trinkwasser.dr-rohr.de\/\",\"name\":\"Trinken Sie schon rostfrei?\",\"description\":\"Willkommen bei Dr. Rohr AG\",\"potentialAction\":[{\"@type\":\"SearchAction\",\"target\":{\"@type\":\"EntryPoint\",\"urlTemplate\":\"https:\/\/trinkwasser.dr-rohr.de\/?s={search_term_string}\"},\"query-input\":\"required name=search_term_string\"}],\"inLanguage\":\"it-IT\"}]}<\/script>\n<!-- \/ Yoast SEO plugin. -->","yoast_head_json":{"title":"Unsere Referenzen | Dr. Rohr AG - Trinken Sie schon rostfrei?","description":"M\u00f6chten Sie mehr \u00fcber unsere ausgef\u00fchrten Arbeiten erfahren? Kein Problem, senden Sie uns eine Referenzanfrage.","robots":{"index":"index","follow":"follow","max-snippet":"max-snippet:-1","max-image-preview":"max-image-preview:large","max-video-preview":"max-video-preview:-1"},"canonical":"https:\/\/trinkwasser.dr-rohr.de\/it\/referenzen\/","og_locale":"it_IT","og_type":"article","og_title":"Unsere Referenzen | Dr. Rohr AG - Trinken Sie schon rostfrei?","og_description":"M\u00f6chten Sie mehr \u00fcber unsere ausgef\u00fchrten Arbeiten erfahren? Kein Problem, senden Sie uns eine Referenzanfrage.","og_url":"https:\/\/trinkwasser.dr-rohr.de\/it\/referenzen\/","og_site_name":"Trinken Sie schon rostfrei?","article_modified_time":"2024-07-09T06:42:45+00:00","twitter_card":"summary_large_image","twitter_misc":{"Tempo di lettura stimato":"1 minuto"},"schema":{"@context":"https:\/\/schema.org","@graph":[{"@type":"WebPage","@id":"https:\/\/trinkwasser.dr-rohr.de\/de\/referenzen\/","url":"https:\/\/trinkwasser.dr-rohr.de\/de\/referenzen\/","name":"Unsere Referenzen | Dr. Rohr AG - Trinken Sie schon rostfrei?","isPartOf":{"@id":"https:\/\/trinkwasser.dr-rohr.de\/#website"},"datePublished":"2021-05-17T14:14:31+00:00","dateModified":"2024-07-09T06:42:45+00:00","description":"M\u00f6chten Sie mehr \u00fcber unsere ausgef\u00fchrten Arbeiten erfahren? Kein Problem, senden Sie uns eine Referenzanfrage.","breadcrumb":{"@id":"https:\/\/trinkwasser.dr-rohr.de\/de\/referenzen\/#breadcrumb"},"inLanguage":"it-IT","potentialAction":[{"@type":"ReadAction","target":["https:\/\/trinkwasser.dr-rohr.de\/de\/referenzen\/"]}]},{"@type":"BreadcrumbList","@id":"https:\/\/trinkwasser.dr-rohr.de\/de\/referenzen\/#breadcrumb","itemListElement":[{"@type":"ListItem","position":1,"name":"Home","item":"https:\/\/trinkwasser.dr-rohr.de\/de\/"},{"@type":"ListItem","position":2,"name":"Referenzen"}]},{"@type":"WebSite","@id":"https:\/\/trinkwasser.dr-rohr.de\/#website","url":"https:\/\/trinkwasser.dr-rohr.de\/","name":"Trinken Sie schon rostfrei?","description":"Willkommen bei Dr. Rohr AG","potentialAction":[{"@type":"SearchAction","target":{"@type":"EntryPoint","urlTemplate":"https:\/\/trinkwasser.dr-rohr.de\/?s={search_term_string}"},"query-input":"required name=search_term_string"}],"inLanguage":"it-IT"}]}},"_links":{"self":[{"href":"https:\/\/trinkwasser.dr-rohr.de\/it\/wp-json\/wp\/v2\/pages\/18","targetHints":{"allow":["GET"]}}],"collection":[{"href":"https:\/\/trinkwasser.dr-rohr.de\/it\/wp-json\/wp\/v2\/pages"}],"about":[{"href":"https:\/\/trinkwasser.dr-rohr.de\/it\/wp-json\/wp\/v2\/types\/page"}],"author":[{"embeddable":true,"href":"https:\/\/trinkwasser.dr-rohr.de\/it\/wp-json\/wp\/v2\/users\/1"}],"replies":[{"embeddable":true,"href":"https:\/\/trinkwasser.dr-rohr.de\/it\/wp-json\/wp\/v2\/comments?post=18"}],"version-history":[{"count":107,"href":"https:\/\/trinkwasser.dr-rohr.de\/it\/wp-json\/wp\/v2\/pages\/18\/revisions"}],"predecessor-version":[{"id":2757,"href":"https:\/\/trinkwasser.dr-rohr.de\/it\/wp-json\/wp\/v2\/pages\/18\/revisions\/2757"}],"wp:attachment":[{"href":"https:\/\/trinkwasser.dr-rohr.de\/it\/wp-json\/wp\/v2\/media?parent=18"}],"curies":[{"name":"wp","href":"https:\/\/api.w.org\/{rel}","templated":true}]}}